{"id":2169,"date":"2025-04-16T09:03:16","date_gmt":"2025-04-16T07:03:16","guid":{"rendered":"https:\/\/defis-avocats.com\/networks\/"},"modified":"2026-02-25T08:48:00","modified_gmt":"2026-02-25T07:48:00","slug":"networks","status":"publish","type":"page","link":"https:\/\/defis-avocats.com\/en\/networks\/","title":{"rendered":"Law Firm Networks \u2013 France &amp; International"},"content":{"rendered":"\t\t<div data-elementor-type=\"wp-page\" data-elementor-id=\"2169\" class=\"elementor elementor-2169 elementor-2139\" data-elementor-post-type=\"page\">\n\t\t\t\t\t\t<section class=\"elementor-section elementor-top-section elementor-element elementor-element-79ee6f0 elementor-section-height-min-height elementor-section-items-top elementor-section-boxed elementor-section-height-default\" data-id=\"79ee6f0\" data-element_type=\"section\" data-e-type=\"section\" data-settings=\"{&quot;background_background&quot;:&quot;classic&quot;}\">\n\t\t\t\t\t\t<div class=\"elementor-container elementor-column-gap-default\">\n\t\t\t\t\t<div class=\"elementor-column elementor-col-100 elementor-top-column elementor-element elementor-element-5b06d26\" data-id=\"5b06d26\" data-element_type=\"column\" data-e-type=\"column\">\n\t\t\t<div class=\"elementor-widget-wrap elementor-element-populated\">\n\t\t\t\t\t\t<div class=\"elementor-element elementor-element-ddad7ff elementor-widget elementor-widget-heading\" data-id=\"ddad7ff\" data-element_type=\"widget\" data-e-type=\"widget\" data-widget_type=\"heading.default\">\n\t\t\t\t<div class=\"elementor-widget-container\">\n\t\t\t\t\t<h1 class=\"elementor-heading-title elementor-size-default\">Law Firm Networks \u2013 France &amp; International <\/h1>\t\t\t\t<\/div>\n\t\t\t\t<\/div>\n\t\t\t\t\t<\/div>\n\t\t<\/div>\n\t\t\t\t\t<\/div>\n\t\t<\/section>\n\t\t\t\t<section class=\"elementor-section elementor-top-section elementor-element elementor-element-da5d340 elementor-section-boxed elementor-section-height-default elementor-section-height-default\" data-id=\"da5d340\" data-element_type=\"section\" data-e-type=\"section\">\n\t\t\t\t\t\t<div class=\"elementor-container elementor-column-gap-default\">\n\t\t\t\t\t<div class=\"elementor-column elementor-col-100 elementor-top-column elementor-element elementor-element-4720571\" data-id=\"4720571\" data-element_type=\"column\" data-e-type=\"column\">\n\t\t\t<div class=\"elementor-widget-wrap elementor-element-populated\">\n\t\t\t\t\t\t<div class=\"elementor-element elementor-element-3fdd5f3 elementor-widget elementor-widget-heading\" data-id=\"3fdd5f3\" data-element_type=\"widget\" data-e-type=\"widget\" data-widget_type=\"heading.default\">\n\t\t\t\t<div class=\"elementor-widget-container\">\n\t\t\t\t\t<h2 class=\"elementor-heading-title elementor-size-default\">Enhanced legal expertise through trusted networks<br><\/h2>\t\t\t\t<\/div>\n\t\t\t\t<\/div>\n\t\t\t\t<div class=\"elementor-element elementor-element-c48b1f6 elementor-widget__width-initial elementor-widget elementor-widget-text-editor\" data-id=\"c48b1f6\" data-element_type=\"widget\" data-e-type=\"widget\" data-widget_type=\"text-editor.default\">\n\t\t\t\t<div class=\"elementor-widget-container\">\n\t\t\t\t\t\t\t\t\t<p><strong>D\u00c9FIS AVOCAT<\/strong>S has chosen to join <strong>recognized networks of law firms <\/strong>in France and abroad in order to strengthen its expertise and provide clients with comprehensive, consistent and effective legal support.<\/p><p>These professional partnerships enable us, where necessary, to draw on <strong>complementary skills, in\u2011depth local knowledge<\/strong> and <strong>efficient coordination<\/strong> when handling complex matters, particularly those involving cross\u2011border or multi\u2011jurisdictional issues.<\/p>\t\t\t\t\t\t\t\t<\/div>\n\t\t\t\t<\/div>\n\t\t\t\t\t<\/div>\n\t\t<\/div>\n\t\t\t\t\t<\/div>\n\t\t<\/section>\n\t\t\t\t<section class=\"elementor-section elementor-top-section elementor-element elementor-element-4d0e631 elementor-section-full_width elementor-section-height-min-height elementor-section-items-stretch elementor-section-height-default\" data-id=\"4d0e631\" data-element_type=\"section\" data-e-type=\"section\">\n\t\t\t\t\t\t<div class=\"elementor-container elementor-column-gap-default\">\n\t\t\t\t\t<div class=\"elementor-column elementor-col-50 elementor-top-column elementor-element elementor-element-604be06\" data-id=\"604be06\" data-element_type=\"column\" data-e-type=\"column\" data-settings=\"{&quot;background_background&quot;:&quot;classic&quot;}\">\n\t\t\t<div class=\"elementor-widget-wrap elementor-element-populated\">\n\t\t\t\t\t\t<div class=\"elementor-element elementor-element-4d14c43 elementor-widget elementor-widget-image\" data-id=\"4d14c43\" data-element_type=\"widget\" data-e-type=\"widget\" data-widget_type=\"image.default\">\n\t\t\t\t<div class=\"elementor-widget-container\">\n\t\t\t\t\t\t\t\t\t\t\t\t\t\t\t<img fetchpriority=\"high\" decoding=\"async\" width=\"800\" height=\"800\" src=\"https:\/\/defis-avocats.com\/wp-content\/uploads\/2025\/04\/logo-white-elcy.svg\" class=\"attachment-large size-large wp-image-2175\" alt=\"Logo blanc Elcy\" \/>\t\t\t\t\t\t\t\t\t\t\t\t\t\t\t<\/div>\n\t\t\t\t<\/div>\n\t\t\t\t\t<\/div>\n\t\t<\/div>\n\t\t\t\t<div class=\"elementor-column elementor-col-50 elementor-top-column elementor-element elementor-element-b869238\" data-id=\"b869238\" data-element_type=\"column\" data-e-type=\"column\" data-settings=\"{&quot;background_background&quot;:&quot;classic&quot;}\">\n\t\t\t<div class=\"elementor-widget-wrap elementor-element-populated\">\n\t\t\t\t\t\t<div class=\"elementor-element elementor-element-dd020bd elementor-widget elementor-widget-heading\" data-id=\"dd020bd\" data-element_type=\"widget\" data-e-type=\"widget\" data-widget_type=\"heading.default\">\n\t\t\t\t<div class=\"elementor-widget-container\">\n\t\t\t\t\t<h2 class=\"elementor-heading-title elementor-size-default\">The ELCY Network \u2013 A strong presence across France<\/h2>\t\t\t\t<\/div>\n\t\t\t\t<\/div>\n\t\t\t\t<div class=\"elementor-element elementor-element-17869c9 elementor-widget elementor-widget-text-editor\" data-id=\"17869c9\" data-element_type=\"widget\" data-e-type=\"widget\" data-widget_type=\"text-editor.default\">\n\t\t\t\t<div class=\"elementor-widget-container\">\n\t\t\t\t\t\t\t\t\t<p><style>\na {\n    text-decoration: none;\n    color: #464feb;\n}\ntr th, tr td {\n    border: 1px solid #e6e6e6;\n}\ntr th {\n    background-color: #f5f5f5;\n}\n<\/style><\/p><div><p><strong>ELCY <\/strong>is a network of independent law firms operating as an <strong>Economic Interest Grouping (EIG)<\/strong>. It brings together law firms based in Paris, the Paris region and numerous regions throughout France, including Normandy, Hauts\u2011de\u2011France, Pays de la Loire, Centre, Brittany, Nouvelle\u2011Aquitaine, Burgundy and the South\u2011East. <\/p><p>The member firms of the ELCY network share a common vision of the legal profession:<\/p><ul><li>a <strong>collaborative approach,<\/strong><\/li><li><strong>human\u2011scale firm structures,<\/strong><\/li><li><strong>direct and personalized client relationships,<\/strong><\/li><li>nd the ability to provide <strong>complementary legal expertise.<\/strong><\/li><\/ul><p>This organization allows clients to benefit from coordinated and efficient legal solutions while maintaining flexibility and responsiveness.<\/p><\/div>\t\t\t\t\t\t\t\t<\/div>\n\t\t\t\t<\/div>\n\t\t\t\t<div class=\"elementor-element elementor-element-503b555 elementor-align-left elementor-mobile-align-center elementor-widget elementor-widget-button\" data-id=\"503b555\" data-element_type=\"widget\" data-e-type=\"widget\" data-widget_type=\"button.default\">\n\t\t\t\t<div class=\"elementor-widget-container\">\n\t\t\t\t\t\t\t\t\t<div class=\"elementor-button-wrapper\">\n\t\t\t\t\t<a class=\"elementor-button elementor-button-link elementor-size-sm\" href=\"https:\/\/www.elcyavocats.fr\/%20\" target=\"_blank\">\n\t\t\t\t\t\t<span class=\"elementor-button-content-wrapper\">\n\t\t\t\t\t\t\t\t\t<span class=\"elementor-button-text\">\ud83d\udc49 Discover the ELCY Network<\/span>\n\t\t\t\t\t<\/span>\n\t\t\t\t\t<\/a>\n\t\t\t\t<\/div>\n\t\t\t\t\t\t\t\t<\/div>\n\t\t\t\t<\/div>\n\t\t\t\t\t<\/div>\n\t\t<\/div>\n\t\t\t\t\t<\/div>\n\t\t<\/section>\n\t\t\t\t<section class=\"elementor-section elementor-top-section elementor-element elementor-element-971e69d elementor-section-full_width elementor-section-height-min-height elementor-section-items-stretch elementor-reverse-mobile elementor-section-height-default\" data-id=\"971e69d\" data-element_type=\"section\" data-e-type=\"section\">\n\t\t\t\t\t\t<div class=\"elementor-container elementor-column-gap-default\">\n\t\t\t\t\t<div class=\"elementor-column elementor-col-50 elementor-top-column elementor-element elementor-element-bf1dc31\" data-id=\"bf1dc31\" data-element_type=\"column\" data-e-type=\"column\" data-settings=\"{&quot;background_background&quot;:&quot;classic&quot;}\">\n\t\t\t<div class=\"elementor-widget-wrap elementor-element-populated\">\n\t\t\t\t\t\t<div class=\"elementor-element elementor-element-79d2f2a elementor-widget elementor-widget-heading\" data-id=\"79d2f2a\" data-element_type=\"widget\" data-e-type=\"widget\" data-widget_type=\"heading.default\">\n\t\t\t\t<div class=\"elementor-widget-container\">\n\t\t\t\t\t<h2 class=\"elementor-heading-title elementor-size-default\">The LAWROPE Network \u2013 European and international reach<\/h2>\t\t\t\t<\/div>\n\t\t\t\t<\/div>\n\t\t\t\t<div class=\"elementor-element elementor-element-1e338fb elementor-widget elementor-widget-text-editor\" data-id=\"1e338fb\" data-element_type=\"widget\" data-e-type=\"widget\" data-widget_type=\"text-editor.default\">\n\t\t\t\t<div class=\"elementor-widget-container\">\n\t\t\t\t\t\t\t\t\t<div><p>LAWROPE is a non-exclusive network of law firms based in Europe and abroad, united by over thirty years&#8217; collective experience of cooperation.<\/p><p>LAWROPE member firms are committed to pooling their skills and practices in order to support their customers in transnational transactions, international litigation or projects requiring legal coordination between several countries.<\/p><p>Membership in the LAWROPE network provides:<\/p><ul><li>rapid access to qualified correspondents abroad,<\/li><li>sharing good professional practices,<\/li><li>and reliable cooperation based on long\u2011standing professional relationships.<\/li><\/ul><\/div>\t\t\t\t\t\t\t\t<\/div>\n\t\t\t\t<\/div>\n\t\t\t\t<div class=\"elementor-element elementor-element-1ac7d8e elementor-align-left elementor-mobile-align-center elementor-widget elementor-widget-button\" data-id=\"1ac7d8e\" data-element_type=\"widget\" data-e-type=\"widget\" data-widget_type=\"button.default\">\n\t\t\t\t<div class=\"elementor-widget-container\">\n\t\t\t\t\t\t\t\t\t<div class=\"elementor-button-wrapper\">\n\t\t\t\t\t<a class=\"elementor-button elementor-button-link elementor-size-sm\" href=\"https:\/\/lawrope.com\/\" target=\"_blank\">\n\t\t\t\t\t\t<span class=\"elementor-button-content-wrapper\">\n\t\t\t\t\t\t\t\t\t<span class=\"elementor-button-text\">\ud83d\udc49 Discover the LAWROPE Network<\/span>\n\t\t\t\t\t<\/span>\n\t\t\t\t\t<\/a>\n\t\t\t\t<\/div>\n\t\t\t\t\t\t\t\t<\/div>\n\t\t\t\t<\/div>\n\t\t\t\t\t<\/div>\n\t\t<\/div>\n\t\t\t\t<div class=\"elementor-column elementor-col-50 elementor-top-column elementor-element elementor-element-9520d8e\" data-id=\"9520d8e\" data-element_type=\"column\" data-e-type=\"column\" data-settings=\"{&quot;background_background&quot;:&quot;classic&quot;}\">\n\t\t\t<div class=\"elementor-widget-wrap elementor-element-populated\">\n\t\t\t\t\t\t<div class=\"elementor-element elementor-element-6287a8a elementor-widget elementor-widget-image\" data-id=\"6287a8a\" data-element_type=\"widget\" data-e-type=\"widget\" data-widget_type=\"image.default\">\n\t\t\t\t<div class=\"elementor-widget-container\">\n\t\t\t\t\t\t\t\t\t\t\t\t\t\t\t<img decoding=\"async\" width=\"800\" height=\"305\" src=\"https:\/\/defis-avocats.com\/wp-content\/uploads\/2025\/04\/logo-lawrope-blanc-1024x391.webp\" class=\"attachment-large size-large wp-image-2197\" alt=\"Logo blanc Lawrope\" srcset=\"https:\/\/defis-avocats.com\/wp-content\/uploads\/2025\/04\/logo-lawrope-blanc-1024x391.webp 1024w, https:\/\/defis-avocats.com\/wp-content\/uploads\/2025\/04\/logo-lawrope-blanc-300x115.webp 300w, https:\/\/defis-avocats.com\/wp-content\/uploads\/2025\/04\/logo-lawrope-blanc-768x294.webp 768w, https:\/\/defis-avocats.com\/wp-content\/uploads\/2025\/04\/logo-lawrope-blanc-1536x587.webp 1536w, https:\/\/defis-avocats.com\/wp-content\/uploads\/2025\/04\/logo-lawrope-blanc-2048x783.webp 2048w\" sizes=\"(max-width: 800px) 100vw, 800px\" \/>\t\t\t\t\t\t\t\t\t\t\t\t\t\t\t<\/div>\n\t\t\t\t<\/div>\n\t\t\t\t\t<\/div>\n\t\t<\/div>\n\t\t\t\t\t<\/div>\n\t\t<\/section>\n\t\t\t\t<section class=\"elementor-section elementor-top-section elementor-element elementor-element-2b0cfe0 elementor-section-boxed elementor-section-height-default elementor-section-height-default\" data-id=\"2b0cfe0\" data-element_type=\"section\" data-e-type=\"section\">\n\t\t\t\t\t\t<div class=\"elementor-container elementor-column-gap-default\">\n\t\t\t\t\t<div class=\"elementor-column elementor-col-100 elementor-top-column elementor-element elementor-element-961aeb8\" data-id=\"961aeb8\" data-element_type=\"column\" data-e-type=\"column\">\n\t\t\t<div class=\"elementor-widget-wrap elementor-element-populated\">\n\t\t\t\t\t\t<div class=\"elementor-element elementor-element-4d67637 elementor-widget elementor-widget-heading\" data-id=\"4d67637\" data-element_type=\"widget\" data-e-type=\"widget\" data-widget_type=\"heading.default\">\n\t\t\t\t<div class=\"elementor-widget-container\">\n\t\t\t\t\t<h2 class=\"elementor-heading-title elementor-size-default\">Consistent legal support in France and internationally<\/h2>\t\t\t\t<\/div>\n\t\t\t\t<\/div>\n\t\t\t\t<div class=\"elementor-element elementor-element-0e00473 elementor-widget__width-initial elementor-widget elementor-widget-text-editor\" data-id=\"0e00473\" data-element_type=\"widget\" data-e-type=\"widget\" data-widget_type=\"text-editor.default\">\n\t\t\t\t<div class=\"elementor-widget-container\">\n\t\t\t\t\t\t\t\t\t<p>Thanks to these networks, D\u00c9FIS AVOCATS is able to offer its clients continuity of service, enhanced legal security and a global vision of the issues at stake, while retaining the firm&#8217;s independence and high standards.<\/p><div><p>These partnerships are part of a sustainable approach focused on the quality of our advice, the relevance of the solutions we propose and the interests of our customers.<\/p><\/div>\t\t\t\t\t\t\t\t<\/div>\n\t\t\t\t<\/div>\n\t\t\t\t\t<\/div>\n\t\t<\/div>\n\t\t\t\t\t<\/div>\n\t\t<\/section>\n\t\t\t\t<\/div>\n\t\t","protected":false},"excerpt":{"rendered":"<p>Gr\u00e2ce aux r\u00e9seaux ELCY et LAWROPE, D\u00c9FIS AVOCATS accompagne ses clients en France et \u00e0 l\u2019international sur des dossiers juridiques complexes.<\/p>\n","protected":false},"author":3,"featured_media":1371,"parent":0,"menu_order":0,"comment_status":"closed","ping_status":"closed","template":"elementor_header_footer","meta":{"inline_featured_image":false,"footnotes":""},"class_list":["post-2169","page","type-page","status-publish","has-post-thumbnail","hentry"],"yoast_head":"<!-- This site is optimized with the Yoast SEO plugin v27.3 - https:\/\/yoast.com\/product\/yoast-seo-wordpress\/ -->\n<title>France &amp; International Lawyer Networks - D\u00c9FIS AVOCATS<\/title>\n<meta name=\"description\" content=\"Gr\u00e2ce aux r\u00e9seaux ELCY et LAWROPE, D\u00c9FIS AVOCATS accompagne ses clients en France et \u00e0 l\u2019international sur des dossiers juridiques complexes.\" \/>\n<meta name=\"robots\" content=\"index, follow, max-snippet:-1, max-image-preview:large, max-video-preview:-1\" \/>\n<link rel=\"canonical\" href=\"https:\/\/defis-avocats.com\/en\/networks\/\" \/>\n<meta property=\"og:locale\" content=\"en_US\" \/>\n<meta property=\"og:type\" content=\"article\" \/>\n<meta property=\"og:title\" content=\"France &amp; International Lawyer Networks - D\u00c9FIS AVOCATS\" \/>\n<meta property=\"og:description\" content=\"Gr\u00e2ce aux r\u00e9seaux ELCY et LAWROPE, D\u00c9FIS AVOCATS accompagne ses clients en France et \u00e0 l\u2019international sur des dossiers juridiques complexes.\" \/>\n<meta property=\"og:url\" content=\"https:\/\/defis-avocats.com\/en\/networks\/\" \/>\n<meta property=\"og:site_name\" content=\"DEFIS AVOCATS\" \/>\n<meta property=\"article:modified_time\" content=\"2026-02-25T07:48:00+00:00\" \/>\n<meta property=\"og:image\" content=\"https:\/\/defis-avocats.com\/wp-content\/uploads\/2022\/09\/defis-avocats-logo-accueil.png\" \/>\n\t<meta property=\"og:image:width\" content=\"1000\" \/>\n\t<meta property=\"og:image:height\" content=\"727\" \/>\n\t<meta property=\"og:image:type\" content=\"image\/png\" \/>\n<meta name=\"twitter:card\" content=\"summary_large_image\" \/>\n<meta name=\"twitter:label1\" content=\"Est. reading time\" \/>\n\t<meta name=\"twitter:data1\" content=\"2 minutes\" \/>\n<script type=\"application\/ld+json\" class=\"yoast-schema-graph\">{\"@context\":\"https:\\\/\\\/schema.org\",\"@graph\":[{\"@type\":\"WebPage\",\"@id\":\"https:\\\/\\\/defis-avocats.com\\\/en\\\/networks\\\/\",\"url\":\"https:\\\/\\\/defis-avocats.com\\\/en\\\/networks\\\/\",\"name\":\"France & International Lawyer Networks - D\u00c9FIS AVOCATS\",\"isPartOf\":{\"@id\":\"https:\\\/\\\/defis-avocats.com\\\/en\\\/#website\"},\"primaryImageOfPage\":{\"@id\":\"https:\\\/\\\/defis-avocats.com\\\/en\\\/networks\\\/#primaryimage\"},\"image\":{\"@id\":\"https:\\\/\\\/defis-avocats.com\\\/en\\\/networks\\\/#primaryimage\"},\"thumbnailUrl\":\"https:\\\/\\\/defis-avocats.com\\\/wp-content\\\/uploads\\\/2022\\\/09\\\/defis-avocats-logo-accueil.png\",\"datePublished\":\"2025-04-16T07:03:16+00:00\",\"dateModified\":\"2026-02-25T07:48:00+00:00\",\"description\":\"Gr\u00e2ce aux r\u00e9seaux ELCY et LAWROPE, D\u00c9FIS AVOCATS accompagne ses clients en France et \u00e0 l\u2019international sur des dossiers juridiques complexes.\",\"breadcrumb\":{\"@id\":\"https:\\\/\\\/defis-avocats.com\\\/en\\\/networks\\\/#breadcrumb\"},\"inLanguage\":\"en-US\",\"potentialAction\":[{\"@type\":\"ReadAction\",\"target\":[\"https:\\\/\\\/defis-avocats.com\\\/en\\\/networks\\\/\"]}]},{\"@type\":\"ImageObject\",\"inLanguage\":\"en-US\",\"@id\":\"https:\\\/\\\/defis-avocats.com\\\/en\\\/networks\\\/#primaryimage\",\"url\":\"https:\\\/\\\/defis-avocats.com\\\/wp-content\\\/uploads\\\/2022\\\/09\\\/defis-avocats-logo-accueil.png\",\"contentUrl\":\"https:\\\/\\\/defis-avocats.com\\\/wp-content\\\/uploads\\\/2022\\\/09\\\/defis-avocats-logo-accueil.png\",\"width\":1000,\"height\":727,\"caption\":\"Defis Avocats Logo accueil\"},{\"@type\":\"BreadcrumbList\",\"@id\":\"https:\\\/\\\/defis-avocats.com\\\/en\\\/networks\\\/#breadcrumb\",\"itemListElement\":[{\"@type\":\"ListItem\",\"position\":1,\"name\":\"Accueil\",\"item\":\"https:\\\/\\\/defis-avocats.com\\\/en\\\/\"},{\"@type\":\"ListItem\",\"position\":2,\"name\":\"Law Firm Networks \u2013 France &amp; International\"}]},{\"@type\":\"WebSite\",\"@id\":\"https:\\\/\\\/defis-avocats.com\\\/en\\\/#website\",\"url\":\"https:\\\/\\\/defis-avocats.com\\\/en\\\/\",\"name\":\"DEFIS AVOCATS\",\"description\":\"Un site utilisant WordPress\",\"publisher\":{\"@id\":\"https:\\\/\\\/defis-avocats.com\\\/en\\\/#organization\"},\"potentialAction\":[{\"@type\":\"SearchAction\",\"target\":{\"@type\":\"EntryPoint\",\"urlTemplate\":\"https:\\\/\\\/defis-avocats.com\\\/en\\\/?s={search_term_string}\"},\"query-input\":{\"@type\":\"PropertyValueSpecification\",\"valueRequired\":true,\"valueName\":\"search_term_string\"}}],\"inLanguage\":\"en-US\"},{\"@type\":\"Organization\",\"@id\":\"https:\\\/\\\/defis-avocats.com\\\/en\\\/#organization\",\"name\":\"DEFIS AVOCATS\",\"url\":\"https:\\\/\\\/defis-avocats.com\\\/en\\\/\",\"logo\":{\"@type\":\"ImageObject\",\"inLanguage\":\"en-US\",\"@id\":\"https:\\\/\\\/defis-avocats.com\\\/en\\\/#\\\/schema\\\/logo\\\/image\\\/\",\"url\":\"https:\\\/\\\/defis-avocats.com\\\/wp-content\\\/uploads\\\/2021\\\/12\\\/logo-deifs-avocats-horizontal.png\",\"contentUrl\":\"https:\\\/\\\/defis-avocats.com\\\/wp-content\\\/uploads\\\/2021\\\/12\\\/logo-deifs-avocats-horizontal.png\",\"width\":2908,\"height\":1300,\"caption\":\"DEFIS AVOCATS\"},\"image\":{\"@id\":\"https:\\\/\\\/defis-avocats.com\\\/en\\\/#\\\/schema\\\/logo\\\/image\\\/\"}}]}<\/script>\n<!-- \/ Yoast SEO plugin. -->","yoast_head_json":{"title":"France & International Lawyer Networks - D\u00c9FIS AVOCATS","description":"Gr\u00e2ce aux r\u00e9seaux ELCY et LAWROPE, D\u00c9FIS AVOCATS accompagne ses clients en France et \u00e0 l\u2019international sur des dossiers juridiques complexes.","robots":{"index":"index","follow":"follow","max-snippet":"max-snippet:-1","max-image-preview":"max-image-preview:large","max-video-preview":"max-video-preview:-1"},"canonical":"https:\/\/defis-avocats.com\/en\/networks\/","og_locale":"en_US","og_type":"article","og_title":"France & International Lawyer Networks - D\u00c9FIS AVOCATS","og_description":"Gr\u00e2ce aux r\u00e9seaux ELCY et LAWROPE, D\u00c9FIS AVOCATS accompagne ses clients en France et \u00e0 l\u2019international sur des dossiers juridiques complexes.","og_url":"https:\/\/defis-avocats.com\/en\/networks\/","og_site_name":"DEFIS AVOCATS","article_modified_time":"2026-02-25T07:48:00+00:00","og_image":[{"width":1000,"height":727,"url":"https:\/\/defis-avocats.com\/wp-content\/uploads\/2022\/09\/defis-avocats-logo-accueil.png","type":"image\/png"}],"twitter_card":"summary_large_image","twitter_misc":{"Est. reading time":"2 minutes"},"schema":{"@context":"https:\/\/schema.org","@graph":[{"@type":"WebPage","@id":"https:\/\/defis-avocats.com\/en\/networks\/","url":"https:\/\/defis-avocats.com\/en\/networks\/","name":"France & International Lawyer Networks - D\u00c9FIS AVOCATS","isPartOf":{"@id":"https:\/\/defis-avocats.com\/en\/#website"},"primaryImageOfPage":{"@id":"https:\/\/defis-avocats.com\/en\/networks\/#primaryimage"},"image":{"@id":"https:\/\/defis-avocats.com\/en\/networks\/#primaryimage"},"thumbnailUrl":"https:\/\/defis-avocats.com\/wp-content\/uploads\/2022\/09\/defis-avocats-logo-accueil.png","datePublished":"2025-04-16T07:03:16+00:00","dateModified":"2026-02-25T07:48:00+00:00","description":"Gr\u00e2ce aux r\u00e9seaux ELCY et LAWROPE, D\u00c9FIS AVOCATS accompagne ses clients en France et \u00e0 l\u2019international sur des dossiers juridiques complexes.","breadcrumb":{"@id":"https:\/\/defis-avocats.com\/en\/networks\/#breadcrumb"},"inLanguage":"en-US","potentialAction":[{"@type":"ReadAction","target":["https:\/\/defis-avocats.com\/en\/networks\/"]}]},{"@type":"ImageObject","inLanguage":"en-US","@id":"https:\/\/defis-avocats.com\/en\/networks\/#primaryimage","url":"https:\/\/defis-avocats.com\/wp-content\/uploads\/2022\/09\/defis-avocats-logo-accueil.png","contentUrl":"https:\/\/defis-avocats.com\/wp-content\/uploads\/2022\/09\/defis-avocats-logo-accueil.png","width":1000,"height":727,"caption":"Defis Avocats Logo accueil"},{"@type":"BreadcrumbList","@id":"https:\/\/defis-avocats.com\/en\/networks\/#breadcrumb","itemListElement":[{"@type":"ListItem","position":1,"name":"Accueil","item":"https:\/\/defis-avocats.com\/en\/"},{"@type":"ListItem","position":2,"name":"Law Firm Networks \u2013 France &amp; International"}]},{"@type":"WebSite","@id":"https:\/\/defis-avocats.com\/en\/#website","url":"https:\/\/defis-avocats.com\/en\/","name":"DEFIS AVOCATS","description":"Un site utilisant WordPress","publisher":{"@id":"https:\/\/defis-avocats.com\/en\/#organization"},"potentialAction":[{"@type":"SearchAction","target":{"@type":"EntryPoint","urlTemplate":"https:\/\/defis-avocats.com\/en\/?s={search_term_string}"},"query-input":{"@type":"PropertyValueSpecification","valueRequired":true,"valueName":"search_term_string"}}],"inLanguage":"en-US"},{"@type":"Organization","@id":"https:\/\/defis-avocats.com\/en\/#organization","name":"DEFIS AVOCATS","url":"https:\/\/defis-avocats.com\/en\/","logo":{"@type":"ImageObject","inLanguage":"en-US","@id":"https:\/\/defis-avocats.com\/en\/#\/schema\/logo\/image\/","url":"https:\/\/defis-avocats.com\/wp-content\/uploads\/2021\/12\/logo-deifs-avocats-horizontal.png","contentUrl":"https:\/\/defis-avocats.com\/wp-content\/uploads\/2021\/12\/logo-deifs-avocats-horizontal.png","width":2908,"height":1300,"caption":"DEFIS AVOCATS"},"image":{"@id":"https:\/\/defis-avocats.com\/en\/#\/schema\/logo\/image\/"}}]}},"_links":{"self":[{"href":"https:\/\/defis-avocats.com\/en\/wp-json\/wp\/v2\/pages\/2169","targetHints":{"allow":["GET"]}}],"collection":[{"href":"https:\/\/defis-avocats.com\/en\/wp-json\/wp\/v2\/pages"}],"about":[{"href":"https:\/\/defis-avocats.com\/en\/wp-json\/wp\/v2\/types\/page"}],"author":[{"embeddable":true,"href":"https:\/\/defis-avocats.com\/en\/wp-json\/wp\/v2\/users\/3"}],"replies":[{"embeddable":true,"href":"https:\/\/defis-avocats.com\/en\/wp-json\/wp\/v2\/comments?post=2169"}],"version-history":[{"count":18,"href":"https:\/\/defis-avocats.com\/en\/wp-json\/wp\/v2\/pages\/2169\/revisions"}],"predecessor-version":[{"id":2616,"href":"https:\/\/defis-avocats.com\/en\/wp-json\/wp\/v2\/pages\/2169\/revisions\/2616"}],"wp:featuredmedia":[{"embeddable":true,"href":"https:\/\/defis-avocats.com\/en\/wp-json\/wp\/v2\/media\/1371"}],"wp:attachment":[{"href":"https:\/\/defis-avocats.com\/en\/wp-json\/wp\/v2\/media?parent=2169"}],"curies":[{"name":"wp","href":"https:\/\/api.w.org\/{rel}","templated":true}]}}